{"id":2,"date":"2023-03-01T14:18:55","date_gmt":"2023-03-01T14:18:55","guid":{"rendered":"https:\/\/pariana.com.br\/rede\/?page_id=2"},"modified":"2025-11-06T22:26:51","modified_gmt":"2025-11-06T22:26:51","slug":"home","status":"publish","type":"page","link":"https:\/\/pariana.com.br\/rede\/","title":{"rendered":"Rede Pariana"},"content":{"rendered":"\t\t<div data-elementor-type=\"wp-page\" data-elementor-id=\"2\" class=\"elementor elementor-2\">\n\t\t\t\t\t\t<section class=\"elementor-section elementor-top-section elementor-element elementor-element-a91acf7 elementor-section-boxed elementor-section-height-default elementor-section-height-default\" data-id=\"a91acf7\" data-element_type=\"section\" data-e-type=\"section\">\n\t\t\t\t\t\t<div class=\"elementor-container elementor-column-gap-default\">\n\t\t\t\t\t<div class=\"elementor-column elementor-col-100 elementor-top-column elementor-element elementor-element-20218cf\" data-id=\"20218cf\" data-element_type=\"column\" data-e-type=\"column\">\n\t\t\t<div class=\"elementor-widget-wrap elementor-element-populated\">\n\t\t\t\t\t\t<div class=\"elementor-element elementor-element-6581d48 elementor-widget elementor-widget-image\" data-id=\"6581d48\" data-element_type=\"widget\" data-e-type=\"widget\" data-widget_type=\"image.default\">\n\t\t\t\t<div class=\"elementor-widget-container\">\n\t\t\t\t\t\t\t\t\t\t\t\t\t\t\t\t<a href=\"https:\/\/pariana.com.br\/rede\">\n\t\t\t\t\t\t\t<img fetchpriority=\"high\" decoding=\"async\" width=\"1024\" height=\"235\" src=\"https:\/\/pariana.com.br\/rede\/wp-content\/uploads\/2025\/11\/pariana_logo_color-1024x235.png\" class=\"attachment-large size-large wp-image-88\" alt=\"\" srcset=\"https:\/\/pariana.com.br\/rede\/wp-content\/uploads\/2025\/11\/pariana_logo_color-1024x235.png 1024w, https:\/\/pariana.com.br\/rede\/wp-content\/uploads\/2025\/11\/pariana_logo_color-300x69.png 300w, https:\/\/pariana.com.br\/rede\/wp-content\/uploads\/2025\/11\/pariana_logo_color-768x177.png 768w, https:\/\/pariana.com.br\/rede\/wp-content\/uploads\/2025\/11\/pariana_logo_color.png 1235w\" sizes=\"(max-width: 1024px) 100vw, 1024px\" \/>\t\t\t\t\t\t\t\t<\/a>\n\t\t\t\t\t\t\t\t\t\t\t\t\t\t\t<\/div>\n\t\t\t\t<\/div>\n\t\t\t\t\t<\/div>\n\t\t<\/div>\n\t\t\t\t\t<\/div>\n\t\t<\/section>\n\t\t\t\t<section class=\"elementor-section elementor-top-section elementor-element elementor-element-2236930 elementor-section-height-min-height elementor-section-content-middle elementor-section-full_width elementor-section-height-default elementor-section-items-middle\" data-id=\"2236930\" data-element_type=\"section\" data-e-type=\"section\" data-settings=\"{&quot;background_background&quot;:&quot;classic&quot;}\">\n\t\t\t\t\t\t<div class=\"elementor-container elementor-column-gap-default\">\n\t\t\t\t\t<div class=\"elementor-column elementor-col-100 elementor-top-column elementor-element elementor-element-4e6041b\" data-id=\"4e6041b\" data-element_type=\"column\" data-e-type=\"column\" data-settings=\"{&quot;background_background&quot;:&quot;classic&quot;}\">\n\t\t\t<div class=\"elementor-widget-wrap elementor-element-populated\">\n\t\t\t\t\t\t<div class=\"elementor-element elementor-element-950f971 elementor-widget elementor-widget-text-editor\" data-id=\"950f971\" data-element_type=\"widget\" data-e-type=\"widget\" data-widget_type=\"text-editor.default\">\n\t\t\t\t<div class=\"elementor-widget-container\">\n\t\t\t\t\t\t\t\t\t<p data-start=\"199\" data-end=\"522\">A <strong data-start=\"201\" data-end=\"232\">Rede Pariana de Comunica\u00e7\u00e3o<\/strong> \u00e9 um sistema de m\u00eddia comprometido em conectar pessoas no digital, ideias e prop\u00f3sitos por meio de conte\u00fados relevantes, criativos e socialmente respons\u00e1veis.<br data-start=\"384\" data-end=\"387\" \/>Com uma atua\u00e7\u00e3o que valoriza a identidade local e unimos inova\u00e7\u00e3o e prop\u00f3sito para transformar informa\u00e7\u00e3o em impacto.<\/p><p data-start=\"524\" data-end=\"824\">Nosso trabalho \u00e9 guiado pela credibilidade, pela \u00e9tica e pelo compromisso em fortalecer vozes que inspiram mudan\u00e7a.<br data-start=\"639\" data-end=\"642\" \/>Na Rede Pariana de Comunica\u00e7\u00e3o, acreditamos que comunicar \u00e9 mais do que transmitir mensagens \u2014 \u00e9 construir pontes, aproximar comunidades e dar sentido \u00e0s hist\u00f3rias que movem o mundo.<\/p>\t\t\t\t\t\t\t\t<\/div>\n\t\t\t\t<\/div>\n\t\t\t\t<section class=\"elementor-section elementor-inner-section elementor-element elementor-element-df65d2b elementor-section-boxed elementor-section-height-default elementor-section-height-default\" data-id=\"df65d2b\" data-element_type=\"section\" data-e-type=\"section\">\n\t\t\t\t\t\t<div class=\"elementor-container elementor-column-gap-default\">\n\t\t\t\t\t<div class=\"elementor-column elementor-col-33 elementor-inner-column elementor-element elementor-element-3aeed90\" data-id=\"3aeed90\" data-element_type=\"column\" data-e-type=\"column\">\n\t\t\t<div class=\"elementor-widget-wrap elementor-element-populated\">\n\t\t\t\t\t\t<div class=\"elementor-element elementor-element-c14f267 elementor-widget elementor-widget-image\" data-id=\"c14f267\" data-element_type=\"widget\" data-e-type=\"widget\" data-widget_type=\"image.default\">\n\t\t\t\t<div class=\"elementor-widget-container\">\n\t\t\t\t\t\t\t\t\t\t\t\t\t\t\t\t<a href=\"https:\/\/pariana.com.br\/\" target=\"_blank\">\n\t\t\t\t\t\t\t<img decoding=\"async\" width=\"1024\" height=\"271\" src=\"https:\/\/pariana.com.br\/rede\/wp-content\/uploads\/2025\/11\/logo_site_portal_branco-1024x271.png\" class=\"attachment-large size-large wp-image-83\" alt=\"\" srcset=\"https:\/\/pariana.com.br\/rede\/wp-content\/uploads\/2025\/11\/logo_site_portal_branco-1024x271.png 1024w, https:\/\/pariana.com.br\/rede\/wp-content\/uploads\/2025\/11\/logo_site_portal_branco-300x79.png 300w, https:\/\/pariana.com.br\/rede\/wp-content\/uploads\/2025\/11\/logo_site_portal_branco-768x203.png 768w, https:\/\/pariana.com.br\/rede\/wp-content\/uploads\/2025\/11\/logo_site_portal_branco.png 1052w\" sizes=\"(max-width: 1024px) 100vw, 1024px\" \/>\t\t\t\t\t\t\t\t<\/a>\n\t\t\t\t\t\t\t\t\t\t\t\t\t\t\t<\/div>\n\t\t\t\t<\/div>\n\t\t\t\t\t<\/div>\n\t\t<\/div>\n\t\t\t\t<div class=\"elementor-column elementor-col-33 elementor-inner-column elementor-element elementor-element-1454f4d\" data-id=\"1454f4d\" data-element_type=\"column\" data-e-type=\"column\">\n\t\t\t<div class=\"elementor-widget-wrap elementor-element-populated\">\n\t\t\t\t\t\t<div class=\"elementor-element elementor-element-e0ebe2b elementor-widget elementor-widget-image\" data-id=\"e0ebe2b\" data-element_type=\"widget\" data-e-type=\"widget\" data-widget_type=\"image.default\">\n\t\t\t\t<div class=\"elementor-widget-container\">\n\t\t\t\t\t\t\t\t\t\t\t\t\t\t\t\t<a href=\"https:\/\/pariana.com.br\/radio\" target=\"_blank\">\n\t\t\t\t\t\t\t<img decoding=\"async\" width=\"1024\" height=\"279\" src=\"https:\/\/pariana.com.br\/rede\/wp-content\/uploads\/2025\/11\/logo_site_radio_branco-e1762466643265-1024x279.png\" class=\"attachment-large size-large wp-image-81\" alt=\"\" srcset=\"https:\/\/pariana.com.br\/rede\/wp-content\/uploads\/2025\/11\/logo_site_radio_branco-e1762466643265-1024x279.png 1024w, https:\/\/pariana.com.br\/rede\/wp-content\/uploads\/2025\/11\/logo_site_radio_branco-e1762466643265-300x82.png 300w, https:\/\/pariana.com.br\/rede\/wp-content\/uploads\/2025\/11\/logo_site_radio_branco-e1762466643265-768x210.png 768w, https:\/\/pariana.com.br\/rede\/wp-content\/uploads\/2025\/11\/logo_site_radio_branco-e1762466643265.png 1070w\" sizes=\"(max-width: 1024px) 100vw, 1024px\" \/>\t\t\t\t\t\t\t\t<\/a>\n\t\t\t\t\t\t\t\t\t\t\t\t\t\t\t<\/div>\n\t\t\t\t<\/div>\n\t\t\t\t\t<\/div>\n\t\t<\/div>\n\t\t\t\t<div class=\"elementor-column elementor-col-33 elementor-inner-column elementor-element elementor-element-ab0106e\" data-id=\"ab0106e\" data-element_type=\"column\" data-e-type=\"column\">\n\t\t\t<div class=\"elementor-widget-wrap elementor-element-populated\">\n\t\t\t\t\t\t<div class=\"elementor-element elementor-element-973f0aa elementor-widget elementor-widget-image\" data-id=\"973f0aa\" data-element_type=\"widget\" data-e-type=\"widget\" data-widget_type=\"image.default\">\n\t\t\t\t<div class=\"elementor-widget-container\">\n\t\t\t\t\t\t\t\t\t\t\t\t\t\t\t\t<a href=\"https:\/\/pariana.com.br\/tv\" target=\"_blank\">\n\t\t\t\t\t\t\t<img loading=\"lazy\" decoding=\"async\" width=\"1024\" height=\"267\" src=\"https:\/\/pariana.com.br\/rede\/wp-content\/uploads\/2025\/11\/pariana_logo_site_tv-e1762466620464-1024x267.png\" class=\"attachment-large size-large wp-image-82\" alt=\"\" srcset=\"https:\/\/pariana.com.br\/rede\/wp-content\/uploads\/2025\/11\/pariana_logo_site_tv-e1762466620464-1024x267.png 1024w, https:\/\/pariana.com.br\/rede\/wp-content\/uploads\/2025\/11\/pariana_logo_site_tv-e1762466620464-300x78.png 300w, https:\/\/pariana.com.br\/rede\/wp-content\/uploads\/2025\/11\/pariana_logo_site_tv-e1762466620464-768x200.png 768w, https:\/\/pariana.com.br\/rede\/wp-content\/uploads\/2025\/11\/pariana_logo_site_tv-e1762466620464.png 1068w\" sizes=\"(max-width: 1024px) 100vw, 1024px\" \/>\t\t\t\t\t\t\t\t<\/a>\n\t\t\t\t\t\t\t\t\t\t\t\t\t\t\t<\/div>\n\t\t\t\t<\/div>\n\t\t\t\t\t<\/div>\n\t\t<\/div>\n\t\t\t\t\t<\/div>\n\t\t<\/section>\n\t\t\t\t<section class=\"elementor-section elementor-inner-section elementor-element elementor-element-96e1034 elementor-section-full_width elementor-section-content-middle elementor-section-height-default elementor-section-height-default\" data-id=\"96e1034\" data-element_type=\"section\" data-e-type=\"section\">\n\t\t\t\t\t\t<div class=\"elementor-container elementor-column-gap-default\">\n\t\t\t\t\t<div class=\"elementor-column elementor-col-50 elementor-inner-column elementor-element elementor-element-ea4faff\" data-id=\"ea4faff\" data-element_type=\"column\" data-e-type=\"column\">\n\t\t\t<div class=\"elementor-widget-wrap elementor-element-populated\">\n\t\t\t\t\t\t<div class=\"elementor-element elementor-element-499bd80 elementor-align-start elementor-mobile-align-start elementor-icon-list--layout-traditional elementor-list-item-link-full_width elementor-widget elementor-widget-icon-list\" data-id=\"499bd80\" data-element_type=\"widget\" data-e-type=\"widget\" data-widget_type=\"icon-list.default\">\n\t\t\t\t<div class=\"elementor-widget-container\">\n\t\t\t\t\t\t\t<ul class=\"elementor-icon-list-items\">\n\t\t\t\t\t\t\t<li class=\"elementor-icon-list-item\">\n\t\t\t\t\t\t\t\t\t\t\t<span class=\"elementor-icon-list-icon\">\n\t\t\t\t\t\t\t<i aria-hidden=\"true\" class=\"fas fa-location-arrow\"><\/i>\t\t\t\t\t\t<\/span>\n\t\t\t\t\t\t\t\t\t\t<span class=\"elementor-icon-list-text\">Travessa Mauriti, 2531, Marco - Bel\u00e9m\/Pa<\/span>\n\t\t\t\t\t\t\t\t\t<\/li>\n\t\t\t\t\t\t\t\t<li class=\"elementor-icon-list-item\">\n\t\t\t\t\t\t\t\t\t\t\t<span class=\"elementor-icon-list-icon\">\n\t\t\t\t\t\t\t<i aria-hidden=\"true\" class=\"fab fa-whatsapp\"><\/i>\t\t\t\t\t\t<\/span>\n\t\t\t\t\t\t\t\t\t\t<span class=\"elementor-icon-list-text\">91 98639-3850<\/span>\n\t\t\t\t\t\t\t\t\t<\/li>\n\t\t\t\t\t\t\t\t<li class=\"elementor-icon-list-item\">\n\t\t\t\t\t\t\t\t\t\t\t<span class=\"elementor-icon-list-icon\">\n\t\t\t\t\t\t\t<i aria-hidden=\"true\" class=\"far fa-envelope\"><\/i>\t\t\t\t\t\t<\/span>\n\t\t\t\t\t\t\t\t\t\t<span class=\"elementor-icon-list-text\">redacao@pariana.com.br<\/span>\n\t\t\t\t\t\t\t\t\t<\/li>\n\t\t\t\t\t\t\t\t<li class=\"elementor-icon-list-item\">\n\t\t\t\t\t\t\t\t\t\t\t<span class=\"elementor-icon-list-icon\">\n\t\t\t\t\t\t\t<i aria-hidden=\"true\" class=\"far fa-envelope\"><\/i>\t\t\t\t\t\t<\/span>\n\t\t\t\t\t\t\t\t\t\t<span class=\"elementor-icon-list-text\">anuncie@pariana.com.br<\/span>\n\t\t\t\t\t\t\t\t\t<\/li>\n\t\t\t\t\t\t<\/ul>\n\t\t\t\t\t\t<\/div>\n\t\t\t\t<\/div>\n\t\t\t\t\t<\/div>\n\t\t<\/div>\n\t\t\t\t<div class=\"elementor-column elementor-col-50 elementor-inner-column elementor-element elementor-element-5f9a0d6\" data-id=\"5f9a0d6\" data-element_type=\"column\" data-e-type=\"column\">\n\t\t\t<div class=\"elementor-widget-wrap elementor-element-populated\">\n\t\t\t\t\t\t<div class=\"elementor-element elementor-element-0f66c7b elementor-button-info elementor-align-justify elementor-widget elementor-widget-button\" data-id=\"0f66c7b\" data-element_type=\"widget\" data-e-type=\"widget\" data-widget_type=\"button.default\">\n\t\t\t\t<div class=\"elementor-widget-container\">\n\t\t\t\t\t\t\t\t\t<div class=\"elementor-button-wrapper\">\n\t\t\t\t\t<a class=\"elementor-button elementor-button-link elementor-size-xs\" href=\"https:\/\/youtube.com\/@redepariana\" target=\"_blank\">\n\t\t\t\t\t\t<span class=\"elementor-button-content-wrapper\">\n\t\t\t\t\t\t<span class=\"elementor-button-icon\">\n\t\t\t\t<i aria-hidden=\"true\" class=\"fab fa-youtube\"><\/i>\t\t\t<\/span>\n\t\t\t\t\t\t\t\t\t<span class=\"elementor-button-text\">youtube<\/span>\n\t\t\t\t\t<\/span>\n\t\t\t\t\t<\/a>\n\t\t\t\t<\/div>\n\t\t\t\t\t\t\t\t<\/div>\n\t\t\t\t<\/div>\n\t\t\t\t<div class=\"elementor-element elementor-element-0bf782c elementor-button-info elementor-align-justify elementor-widget elementor-widget-button\" data-id=\"0bf782c\" data-element_type=\"widget\" data-e-type=\"widget\" data-widget_type=\"button.default\">\n\t\t\t\t<div class=\"elementor-widget-container\">\n\t\t\t\t\t\t\t\t\t<div class=\"elementor-button-wrapper\">\n\t\t\t\t\t<a class=\"elementor-button elementor-button-link elementor-size-xs\" href=\"https:\/\/instagram.com\/radiopariana\" target=\"_blank\">\n\t\t\t\t\t\t<span class=\"elementor-button-content-wrapper\">\n\t\t\t\t\t\t<span class=\"elementor-button-icon\">\n\t\t\t\t<i aria-hidden=\"true\" class=\"fab fa-instagram\"><\/i>\t\t\t<\/span>\n\t\t\t\t\t\t\t\t\t<span class=\"elementor-button-text\">instagram<\/span>\n\t\t\t\t\t<\/span>\n\t\t\t\t\t<\/a>\n\t\t\t\t<\/div>\n\t\t\t\t\t\t\t\t<\/div>\n\t\t\t\t<\/div>\n\t\t\t\t<div class=\"elementor-element elementor-element-e127ac5 elementor-button-info elementor-align-justify elementor-widget elementor-widget-button\" data-id=\"e127ac5\" data-element_type=\"widget\" data-e-type=\"widget\" data-widget_type=\"button.default\">\n\t\t\t\t<div class=\"elementor-widget-container\">\n\t\t\t\t\t\t\t\t\t<div class=\"elementor-button-wrapper\">\n\t\t\t\t\t<a class=\"elementor-button elementor-button-link elementor-size-xs\" href=\"https:\/\/facebook.com\/redepariana\" target=\"_blank\">\n\t\t\t\t\t\t<span class=\"elementor-button-content-wrapper\">\n\t\t\t\t\t\t<span class=\"elementor-button-icon\">\n\t\t\t\t<i aria-hidden=\"true\" class=\"fab fa-facebook\"><\/i>\t\t\t<\/span>\n\t\t\t\t\t\t\t\t\t<span class=\"elementor-button-text\">facebook<\/span>\n\t\t\t\t\t<\/span>\n\t\t\t\t\t<\/a>\n\t\t\t\t<\/div>\n\t\t\t\t\t\t\t\t<\/div>\n\t\t\t\t<\/div>\n\t\t\t\t\t<\/div>\n\t\t<\/div>\n\t\t\t\t\t<\/div>\n\t\t<\/section>\n\t\t\t\t\t<\/div>\n\t\t<\/div>\n\t\t\t\t\t<\/div>\n\t\t<\/section>\n\t\t\t\t<section class=\"elementor-section elementor-top-section elementor-element elementor-element-0f6d101 elementor-section-full_width elementor-section-content-middle elementor-section-height-default elementor-section-height-default\" data-id=\"0f6d101\" data-element_type=\"section\" data-e-type=\"section\">\n\t\t\t\t\t\t<div class=\"elementor-container elementor-column-gap-default\">\n\t\t\t\t\t<div class=\"elementor-column elementor-col-33 elementor-top-column elementor-element elementor-element-56d2233\" data-id=\"56d2233\" data-element_type=\"column\" data-e-type=\"column\">\n\t\t\t<div class=\"elementor-widget-wrap elementor-element-populated\">\n\t\t\t\t\t\t<div class=\"elementor-element elementor-element-fd7e1d3 elementor-widget elementor-widget-image\" data-id=\"fd7e1d3\" data-element_type=\"widget\" data-e-type=\"widget\" data-widget_type=\"image.default\">\n\t\t\t\t<div class=\"elementor-widget-container\">\n\t\t\t\t\t\t\t\t\t\t\t\t\t\t\t\t<a href=\"https:\/\/pariana.com.br\/\" target=\"_blank\">\n\t\t\t\t\t\t\t<img loading=\"lazy\" decoding=\"async\" width=\"386\" height=\"821\" src=\"https:\/\/pariana.com.br\/rede\/wp-content\/uploads\/2025\/11\/pariana_logo_2.png\" class=\"attachment-large size-large wp-image-129\" alt=\"\" srcset=\"https:\/\/pariana.com.br\/rede\/wp-content\/uploads\/2025\/11\/pariana_logo_2.png 386w, https:\/\/pariana.com.br\/rede\/wp-content\/uploads\/2025\/11\/pariana_logo_2-141x300.png 141w\" sizes=\"(max-width: 386px) 100vw, 386px\" \/>\t\t\t\t\t\t\t\t<\/a>\n\t\t\t\t\t\t\t\t\t\t\t\t\t\t\t<\/div>\n\t\t\t\t<\/div>\n\t\t\t\t\t<\/div>\n\t\t<\/div>\n\t\t\t\t<div class=\"elementor-column elementor-col-33 elementor-top-column elementor-element elementor-element-54ac854\" data-id=\"54ac854\" data-element_type=\"column\" data-e-type=\"column\">\n\t\t\t<div class=\"elementor-widget-wrap elementor-element-populated\">\n\t\t\t\t\t\t<div class=\"elementor-element elementor-element-59833d6 elementor-widget elementor-widget-heading\" data-id=\"59833d6\" data-element_type=\"widget\" data-e-type=\"widget\" data-widget_type=\"heading.default\">\n\t\t\t\t<div class=\"elementor-widget-container\">\n\t\t\t\t\t<h2 class=\"elementor-heading-title elementor-size-default\">\u00a9 Rede Pariana - 2023 - 2025 | Direitos Reservados | Bel\u00e9m\/Pa<\/h2>\t\t\t\t<\/div>\n\t\t\t\t<\/div>\n\t\t\t\t\t<\/div>\n\t\t<\/div>\n\t\t\t\t<div class=\"elementor-column elementor-col-33 elementor-top-column elementor-element elementor-element-4742059\" data-id=\"4742059\" data-element_type=\"column\" data-e-type=\"column\">\n\t\t\t<div class=\"elementor-widget-wrap elementor-element-populated\">\n\t\t\t\t\t\t<div class=\"elementor-element elementor-element-aa3f37f elementor-widget elementor-widget-image\" data-id=\"aa3f37f\" data-element_type=\"widget\" data-e-type=\"widget\" data-widget_type=\"image.default\">\n\t\t\t\t<div class=\"elementor-widget-container\">\n\t\t\t\t\t\t\t\t\t\t\t\t\t\t\t<img loading=\"lazy\" decoding=\"async\" width=\"1024\" height=\"267\" src=\"https:\/\/pariana.com.br\/rede\/wp-content\/uploads\/2025\/11\/vem_pra_pariana-1024x267.png\" class=\"attachment-large size-large wp-image-89\" alt=\"\" srcset=\"https:\/\/pariana.com.br\/rede\/wp-content\/uploads\/2025\/11\/vem_pra_pariana-1024x267.png 1024w, https:\/\/pariana.com.br\/rede\/wp-content\/uploads\/2025\/11\/vem_pra_pariana-300x78.png 300w, https:\/\/pariana.com.br\/rede\/wp-content\/uploads\/2025\/11\/vem_pra_pariana-768x201.png 768w, https:\/\/pariana.com.br\/rede\/wp-content\/uploads\/2025\/11\/vem_pra_pariana-1536x401.png 1536w, https:\/\/pariana.com.br\/rede\/wp-content\/uploads\/2025\/11\/vem_pra_pariana-2048x535.png 2048w\" sizes=\"(max-width: 1024px) 100vw, 1024px\" \/>\t\t\t\t\t\t\t\t\t\t\t\t\t\t\t<\/div>\n\t\t\t\t<\/div>\n\t\t\t\t\t<\/div>\n\t\t<\/div>\n\t\t\t\t\t<\/div>\n\t\t<\/section>\n\t\t\t\t<\/div>\n\t\t","protected":false},"excerpt":{"rendered":"<p>A Rede Pariana de Comunica\u00e7\u00e3o \u00e9 um sistema de m\u00eddia comprometido em conectar pessoas no digital, ideias e prop\u00f3sitos por meio de conte\u00fados relevantes, criativos e socialmente respons\u00e1veis.Com uma atua\u00e7\u00e3o que valoriza a identidade local e unimos inova\u00e7\u00e3o e prop\u00f3sito para transformar informa\u00e7\u00e3o em impacto. Nosso trabalho \u00e9 guiado pela credibilidade, pela \u00e9tica e pelo [&hellip;]<\/p>\n","protected":false},"author":1,"featured_media":0,"parent":0,"menu_order":0,"comment_status":"closed","ping_status":"closed","template":"elementor_canvas","meta":{"footnotes":""},"class_list":["post-2","page","type-page","status-publish","hentry"],"_links":{"self":[{"href":"https:\/\/pariana.com.br\/rede\/wp-json\/wp\/v2\/pages\/2","targetHints":{"allow":["GET"]}}],"collection":[{"href":"https:\/\/pariana.com.br\/rede\/wp-json\/wp\/v2\/pages"}],"about":[{"href":"https:\/\/pariana.com.br\/rede\/wp-json\/wp\/v2\/types\/page"}],"author":[{"embeddable":true,"href":"https:\/\/pariana.com.br\/rede\/wp-json\/wp\/v2\/users\/1"}],"replies":[{"embeddable":true,"href":"https:\/\/pariana.com.br\/rede\/wp-json\/wp\/v2\/comments?post=2"}],"version-history":[{"count":196,"href":"https:\/\/pariana.com.br\/rede\/wp-json\/wp\/v2\/pages\/2\/revisions"}],"predecessor-version":[{"id":225,"href":"https:\/\/pariana.com.br\/rede\/wp-json\/wp\/v2\/pages\/2\/revisions\/225"}],"wp:attachment":[{"href":"https:\/\/pariana.com.br\/rede\/wp-json\/wp\/v2\/media?parent=2"}],"curies":[{"name":"wp","href":"https:\/\/api.w.org\/{rel}","templated":true}]}}